{"id":900,"date":"2020-04-16T13:40:04","date_gmt":"2020-04-16T16:40:04","guid":{"rendered":"http:\/\/elotrans.fkadk.com\/?page_id=900"},"modified":"2025-04-02T14:50:45","modified_gmt":"2025-04-02T17:50:45","slug":"canal-denuncia","status":"publish","type":"page","link":"https:\/\/www.elotrans.com.br\/es\/canal-denuncia\/","title":{"rendered":"Canal Den\u00fancia"},"content":{"rendered":"<section class=\"section\" id=\"section_391659857\">\n\t\t<div class=\"bg section-bg fill bg-fill  bg-loaded\" >\n\n\t\t\t\n\t\t\t\n\t\t\t\n\n\t\t<\/div>\n\n\t\t<div class=\"section-content relative\">\n\t\t\t\n\n<div class=\"row\"  id=\"row-2098717381\">\n\n\n\t<div class=\"col small-12 large-12\"  >\n\t\t<div class=\"col-inner\"  >\n\t\t\t\n\t\t\t\n\n<h2><span style=\"color: #444444;\">Canal de Comunica\u00e7\u00e3o de \u00c9tica e Conduta<br \/><span style=\"font-size: 75%;\">Envie para elotrans.com.br<\/span><\/span><\/h2>\n\n\t\t<\/div>\n\t<\/div>\n\n\t\n\n<\/div>\n\n\t\t<\/div>\n\n\t\t\n<style scope=\"scope\">\n\n#section_391659857 {\n  padding-top: 30px;\n  padding-bottom: 30px;\n}\n<\/style>\n\t<\/section>\n\t\n<p><p>\u00a0<\/p><\/p>","protected":false},"excerpt":{"rendered":"<p>\u00a0<\/p>","protected":false},"author":2,"featured_media":0,"parent":0,"menu_order":0,"comment_status":"closed","ping_status":"closed","template":"page-blank.php","meta":{"footnotes":""},"class_list":["post-900","page","type-page","status-publish","hentry"],"yoast_head":"<!-- This site is optimized with the Yoast SEO plugin v22.2 - https:\/\/yoast.com\/wordpress\/plugins\/seo\/ -->\n<title>Canal Den\u00fancia - Elotrans<\/title>\n<meta name=\"robots\" content=\"index, follow, max-snippet:-1, max-image-preview:large, max-video-preview:-1\" \/>\n<link rel=\"canonical\" href=\"https:\/\/www.elotrans.com.br\/es\/canal-denuncia\/\" \/>\n<meta property=\"og:locale\" content=\"es_ES\" \/>\n<meta property=\"og:type\" content=\"article\" \/>\n<meta property=\"og:title\" content=\"Canal Den\u00fancia - Elotrans\" \/>\n<meta property=\"og:description\" content=\"\u00a0\" \/>\n<meta property=\"og:url\" content=\"https:\/\/www.elotrans.com.br\/es\/canal-denuncia\/\" \/>\n<meta property=\"og:site_name\" content=\"Elotrans\" \/>\n<meta property=\"article:modified_time\" content=\"2025-04-02T17:50:45+00:00\" \/>\n<meta name=\"twitter:card\" content=\"summary_large_image\" \/>\n<meta name=\"twitter:label1\" content=\"Tiempo de lectura\" \/>\n\t<meta name=\"twitter:data1\" content=\"1 minuto\" \/>\n<script type=\"application\/ld+json\" class=\"yoast-schema-graph\">{\"@context\":\"https:\/\/schema.org\",\"@graph\":[{\"@type\":\"WebPage\",\"@id\":\"https:\/\/www.elotrans.com.br\/canal-denuncia\/\",\"url\":\"https:\/\/www.elotrans.com.br\/canal-denuncia\/\",\"name\":\"Canal Den\u00fancia - Elotrans\",\"isPartOf\":{\"@id\":\"http:\/\/www.elotrans.com.br\/#website\"},\"datePublished\":\"2020-04-16T16:40:04+00:00\",\"dateModified\":\"2025-04-02T17:50:45+00:00\",\"breadcrumb\":{\"@id\":\"https:\/\/www.elotrans.com.br\/canal-denuncia\/#breadcrumb\"},\"inLanguage\":\"es\",\"potentialAction\":[{\"@type\":\"ReadAction\",\"target\":[\"https:\/\/www.elotrans.com.br\/canal-denuncia\/\"]}]},{\"@type\":\"BreadcrumbList\",\"@id\":\"https:\/\/www.elotrans.com.br\/canal-denuncia\/#breadcrumb\",\"itemListElement\":[{\"@type\":\"ListItem\",\"position\":1,\"name\":\"In\u00edcio\",\"item\":\"http:\/\/www.elotrans.com.br\/\"},{\"@type\":\"ListItem\",\"position\":2,\"name\":\"Canal Den\u00fancia\"}]},{\"@type\":\"WebSite\",\"@id\":\"http:\/\/www.elotrans.com.br\/#website\",\"url\":\"http:\/\/www.elotrans.com.br\/\",\"name\":\"Elotrans\",\"description\":\"Log\u00edstica para todo mundo\",\"potentialAction\":[{\"@type\":\"SearchAction\",\"target\":{\"@type\":\"EntryPoint\",\"urlTemplate\":\"http:\/\/www.elotrans.com.br\/?s={search_term_string}\"},\"query-input\":\"required name=search_term_string\"}],\"inLanguage\":\"es\"}]}<\/script>\n<!-- \/ Yoast SEO plugin. -->","yoast_head_json":{"title":"Canal Den\u00fancia - Elotrans","robots":{"index":"index","follow":"follow","max-snippet":"max-snippet:-1","max-image-preview":"max-image-preview:large","max-video-preview":"max-video-preview:-1"},"canonical":"https:\/\/www.elotrans.com.br\/es\/canal-denuncia\/","og_locale":"es_ES","og_type":"article","og_title":"Canal Den\u00fancia - Elotrans","og_description":"\u00a0","og_url":"https:\/\/www.elotrans.com.br\/es\/canal-denuncia\/","og_site_name":"Elotrans","article_modified_time":"2025-04-02T17:50:45+00:00","twitter_card":"summary_large_image","twitter_misc":{"Tiempo de lectura":"1 minuto"},"schema":{"@context":"https:\/\/schema.org","@graph":[{"@type":"WebPage","@id":"https:\/\/www.elotrans.com.br\/canal-denuncia\/","url":"https:\/\/www.elotrans.com.br\/canal-denuncia\/","name":"Canal Den\u00fancia - Elotrans","isPartOf":{"@id":"http:\/\/www.elotrans.com.br\/#website"},"datePublished":"2020-04-16T16:40:04+00:00","dateModified":"2025-04-02T17:50:45+00:00","breadcrumb":{"@id":"https:\/\/www.elotrans.com.br\/canal-denuncia\/#breadcrumb"},"inLanguage":"es","potentialAction":[{"@type":"ReadAction","target":["https:\/\/www.elotrans.com.br\/canal-denuncia\/"]}]},{"@type":"BreadcrumbList","@id":"https:\/\/www.elotrans.com.br\/canal-denuncia\/#breadcrumb","itemListElement":[{"@type":"ListItem","position":1,"name":"In\u00edcio","item":"http:\/\/www.elotrans.com.br\/"},{"@type":"ListItem","position":2,"name":"Canal Den\u00fancia"}]},{"@type":"WebSite","@id":"http:\/\/www.elotrans.com.br\/#website","url":"http:\/\/www.elotrans.com.br\/","name":"Elotrans","description":"Log\u00edstica para todo mundo","potentialAction":[{"@type":"SearchAction","target":{"@type":"EntryPoint","urlTemplate":"http:\/\/www.elotrans.com.br\/?s={search_term_string}"},"query-input":"required name=search_term_string"}],"inLanguage":"es"}]}},"_links":{"self":[{"href":"https:\/\/www.elotrans.com.br\/es\/wp-json\/wp\/v2\/pages\/900","targetHints":{"allow":["GET"]}}],"collection":[{"href":"https:\/\/www.elotrans.com.br\/es\/wp-json\/wp\/v2\/pages"}],"about":[{"href":"https:\/\/www.elotrans.com.br\/es\/wp-json\/wp\/v2\/types\/page"}],"author":[{"embeddable":true,"href":"https:\/\/www.elotrans.com.br\/es\/wp-json\/wp\/v2\/users\/2"}],"replies":[{"embeddable":true,"href":"https:\/\/www.elotrans.com.br\/es\/wp-json\/wp\/v2\/comments?post=900"}],"version-history":[{"count":6,"href":"https:\/\/www.elotrans.com.br\/es\/wp-json\/wp\/v2\/pages\/900\/revisions"}],"predecessor-version":[{"id":1099,"href":"https:\/\/www.elotrans.com.br\/es\/wp-json\/wp\/v2\/pages\/900\/revisions\/1099"}],"wp:attachment":[{"href":"https:\/\/www.elotrans.com.br\/es\/wp-json\/wp\/v2\/media?parent=900"}],"curies":[{"name":"wp","href":"https:\/\/api.w.org\/{rel}","templated":true}]}}