{"id":693,"date":"2020-03-12T10:04:58","date_gmt":"2020-03-12T13:04:58","guid":{"rendered":"https:\/\/www.elotrans.com.br\/?page_id=693"},"modified":"2026-04-24T14:06:19","modified_gmt":"2026-04-24T17:06:19","slug":"compliance","status":"publish","type":"page","link":"https:\/\/www.elotrans.com.br\/es\/compliance\/","title":{"rendered":"COMPLIANCE"},"content":{"rendered":"<section class=\"section\" id=\"section_1761767574\">\n\t\t<div class=\"bg section-bg fill bg-fill\" >\n\n\t\t\t\n\t\t\t<div class=\"section-bg-overlay absolute fill\"><\/div>\n\t\t\t\n\n\t\t<\/div>\n\n\t\t<div class=\"section-content relative\">\n\t\t\t\n\n<div class=\"row row-small align-middle\"  id=\"row-1713644862\">\n\n\n\t<div class=\"col small-12 large-12\"  >\n\t\t<div class=\"col-inner\"  >\n\t\t\t\n\t\t\t\n\n<p>A <strong>Elotrans<\/strong> se compromete a operar siempre observando y respetando estrictamente todas las leyes, regulaciones y est\u00e1ndares internacionales y nacionales que rigen nuestras actividades.<\/p>\n<p>Para se manter em plena conformidade com as regras e legisla\u00e7\u00f5es aplicadas aos seus processos, a <strong>Elotrans<\/strong> desenvolveu um c\u00f3digo de regras e condutas que \u00e9 amplamente divulgado entre seus colaboradores. A empresa mant\u00e9m rigorosos controles internos e externos para garantir a adequa\u00e7\u00e3o de todos os processos aos par\u00e2metros estabelecidos pela lei.<\/p>\n<div class=\"row row-small row-full-width align-middle align-center\"  id=\"row-1269931622\">\n\n\n\t<div class=\"col medium-6 small-12 large-6\"  >\n\t\t<div class=\"col-inner text-center\"  >\n\t\t\t\n\t\t\t\n\n<h4><span style=\"color: #444444; font-size: 100%;\"><strong><span style=\"text-decoration: underline;\"><a style=\"color: #444444; text-decoration: underline;\" href=\"https:\/\/www.elotrans.com.br\/es\/canal-denuncia\/\">CANAL DE DEN\u00daNCIA<\/a><\/span><\/strong><\/span><\/h4>\n\n\t\t<\/div>\n\t<\/div>\n\n\t\n\n\t<div class=\"col medium-6 small-12 large-6\"  >\n\t\t<div class=\"col-inner text-center\"  >\n\t\t\t\n\t\t\t\n\n<h4><span style=\"color: #444444; font-size: 100%;\"><strong><span style=\"text-decoration: underline;\"><a href=\"http:\/\/www.elotrans.com.br\/wp-content\/uploads\/2025\/03\/Atualizado-6.7-Codigo-de-Etica-e-Conduta-Revisao-03-1.pdf\" target=\"_blank\" rel=\"noopener noreferrer\" data-wplink-edit=\"true\">C\u00c3\u0093DIGO DE \u00c3\u0089TICA Y CONDUCTA<\/a><\/span><\/strong><\/span><\/h4>\n\n\t\t<\/div>\n\t<\/div>\n\n\t\n\n\n<style scope=\"scope\">\n\n<\/style>\n<\/div>\n<div class=\"row align-center\"  id=\"row-662745669\">\n\n\n\t<div class=\"col medium-6 small-12 large-6\"  >\n\t\t<div class=\"col-inner text-center\"  >\n\t\t\t\n\t\t\t\n\n<section class=\"text-token-text-primary w-full focus:outline-none &#091;--shadow-height:45px&#093; has-data-writing-block:pointer-events-none has-data-writing-block:-mt-(--shadow-height) has-data-writing-block:pt-(--shadow-height) &#091;&amp;:has(&#091;data-writing-block&#093;)&gt;*&#093;:pointer-events-auto &#091;content-visibility:auto&#093; supports-&#091;content-visibility:auto&#093;:&#091;contain-intrinsic-size:auto_100lvh&#093; R6Vx5W_threadScrollVars scroll-mb-&#091;calc(var(--scroll-root-safe-area-inset-bottom,0px)+var(--thread-response-height))&#093; scroll-mt-&#091;calc(var(--header-height)+min(200px,max(70px,20svh)))&#093;\" dir=\"auto\" data-turn-id=\"request-WEB:251b812b-9ed2-4f47-bdd2-e6afcb489338-1\" data-testid=\"conversation-turn-4\" data-scroll-anchor=\"false\" data-turn=\"assistant\">\n<div class=\"text-base my-auto mx-auto pb-10 &#091;--thread-content-margin:var(--thread-content-margin-xs,calc(var(--spacing)*4))&#093; @w-sm\/main:&#091;--thread-content-margin:var(--thread-content-margin-sm,calc(var(--spacing)*6))&#093; @w-lg\/main:&#091;--thread-content-margin:var(--thread-content-margin-lg,calc(var(--spacing)*16))&#093; px-(--thread-content-margin)\">\n<div class=\"&#091;--thread-content-max-width:40rem&#093; @w-lg\/main:&#091;--thread-content-max-width:48rem&#093; mx-auto max-w-(--thread-content-max-width) flex-1 group\/turn-messages focus-visible:outline-hidden relative flex w-full min-w-0 flex-col agent-turn\">\n<div class=\"flex max-w-full flex-col gap-4 grow\">\n<div class=\"min-h-8 text-message relative flex w-full flex-col items-end gap-2 text-start break-words whitespace-normal outline-none keyboard-focused:focus-ring &#091;.text-message+&amp;&#093;:mt-1\" dir=\"auto\" tabindex=\"0\" data-message-author-role=\"assistant\" data-message-id=\"a8ccd7c7-4b64-4ca7-b1e5-0572c2419df6\" data-message-model-slug=\"gpt-5-3-mini\" data-turn-start-message=\"true\">\n<div class=\"flex w-full flex-col gap-1 empty:hidden\">\n<div class=\"markdown prose dark:prose-invert w-full wrap-break-word light markdown-new-styling\">\n<p data-start=\"0\" data-end=\"77\" data-is-last-node=\"\" data-is-only-node=\"\"><a href=\"https:\/\/file.kiwi\/9930aa3d#XtgUJJMMKQ9lBZ-dhWZEpA\"><strong data-start=\"0\" data-end=\"77\" data-is-last-node=\"\" data-is-only-node=\"\">Condi\u00e7\u00f5es Gerais de Agenciamento de Carga da ACTC<\/strong><\/a><\/p>\n<p data-start=\"0\" data-end=\"77\" data-is-last-node=\"\" data-is-only-node=\"\"><strong data-start=\"0\" data-end=\"77\" data-is-last-node=\"\" data-is-only-node=\"\">Vers\u00e3o 2 (atualizada)<\/strong><\/p>\n<\/div>\n<\/div>\n<\/div>\n<\/div>\n<div class=\"z-0 flex min-h-&#091;46px&#093; justify-start\">\u00a0<\/div>\n<div class=\"mt-3 w-full empty:hidden\">\n<div class=\"text-center\">\u00a0<\/div>\n<\/div>\n<\/div>\n<\/div>\n<\/section>\n<div class=\"pointer-events-none -mt-px h-px translate-y-&#091;calc(var(--scroll-root-safe-area-inset-bottom)-14*var(--spacing))&#093;\" aria-hidden=\"true\">\u00a0<\/div>\n<h4><span style=\"color: #444444; font-size: 100%;\"><strong>\u00a0<\/strong><\/span><\/h4>\n\n\t\t<\/div>\n\t<\/div>\n\n\t\n\n\t<div class=\"col medium-6 small-12 large-6\"  >\n\t\t<div class=\"col-inner text-center\"  >\n\t\t\t\n\t\t\t\n\n\n\t\t<\/div>\n\t<\/div>\n\n\t\n\n\n<style scope=\"scope\">\n\n<\/style>\n<\/div>\n\n\t\t<\/div>\n\t<\/div>\n\n\t\n\n\n<style scope=\"scope\">\n\n<\/style>\n<\/div>\n\n\t\t<\/div>\n\n\t\t\n<style scope=\"scope\">\n\n#section_1761767574 {\n  padding-top: 30px;\n  padding-bottom: 30px;\n}\n#section_1761767574 .section-bg-overlay {\n  background-color: rgba(255, 255, 255, 0.47);\n}\n#section_1761767574 .section-bg.bg-loaded {\n  background-image: url(https:\/\/www.elotrans.com.br\/wp-content\/uploads\/2019\/12\/bg_mapa.jpg);\n}\n#section_1761767574 .section-bg {\n  background-position: 51% NaN%;\n}\n<\/style>\n\t<\/section>","protected":false},"excerpt":{"rendered":"","protected":false},"author":2,"featured_media":0,"parent":0,"menu_order":0,"comment_status":"closed","ping_status":"closed","template":"page-blank.php","meta":{"footnotes":""},"class_list":["post-693","page","type-page","status-publish","hentry"],"yoast_head":"<!-- This site is optimized with the Yoast SEO plugin v22.2 - https:\/\/yoast.com\/wordpress\/plugins\/seo\/ -->\n<title>COMPLIANCE - Elotrans<\/title>\n<meta name=\"robots\" content=\"index, follow, max-snippet:-1, max-image-preview:large, max-video-preview:-1\" \/>\n<link rel=\"canonical\" href=\"https:\/\/www.elotrans.com.br\/es\/compliance\/\" \/>\n<meta property=\"og:locale\" content=\"es_ES\" \/>\n<meta property=\"og:type\" content=\"article\" \/>\n<meta property=\"og:title\" content=\"COMPLIANCE - Elotrans\" \/>\n<meta property=\"og:url\" content=\"https:\/\/www.elotrans.com.br\/es\/compliance\/\" \/>\n<meta property=\"og:site_name\" content=\"Elotrans\" \/>\n<meta property=\"article:modified_time\" content=\"2026-04-24T17:06:19+00:00\" \/>\n<meta name=\"twitter:card\" content=\"summary_large_image\" \/>\n<script type=\"application\/ld+json\" class=\"yoast-schema-graph\">{\"@context\":\"https:\/\/schema.org\",\"@graph\":[{\"@type\":\"WebPage\",\"@id\":\"https:\/\/www.elotrans.com.br\/compliance\/\",\"url\":\"https:\/\/www.elotrans.com.br\/compliance\/\",\"name\":\"COMPLIANCE - Elotrans\",\"isPartOf\":{\"@id\":\"http:\/\/www.elotrans.com.br\/#website\"},\"datePublished\":\"2020-03-12T13:04:58+00:00\",\"dateModified\":\"2026-04-24T17:06:19+00:00\",\"breadcrumb\":{\"@id\":\"https:\/\/www.elotrans.com.br\/compliance\/#breadcrumb\"},\"inLanguage\":\"es\",\"potentialAction\":[{\"@type\":\"ReadAction\",\"target\":[\"https:\/\/www.elotrans.com.br\/compliance\/\"]}]},{\"@type\":\"BreadcrumbList\",\"@id\":\"https:\/\/www.elotrans.com.br\/compliance\/#breadcrumb\",\"itemListElement\":[{\"@type\":\"ListItem\",\"position\":1,\"name\":\"In\u00edcio\",\"item\":\"http:\/\/www.elotrans.com.br\/\"},{\"@type\":\"ListItem\",\"position\":2,\"name\":\"COMPLIANCE\"}]},{\"@type\":\"WebSite\",\"@id\":\"http:\/\/www.elotrans.com.br\/#website\",\"url\":\"http:\/\/www.elotrans.com.br\/\",\"name\":\"Elotrans\",\"description\":\"Log\u00edstica para todo mundo\",\"potentialAction\":[{\"@type\":\"SearchAction\",\"target\":{\"@type\":\"EntryPoint\",\"urlTemplate\":\"http:\/\/www.elotrans.com.br\/?s={search_term_string}\"},\"query-input\":\"required name=search_term_string\"}],\"inLanguage\":\"es\"}]}<\/script>\n<!-- \/ Yoast SEO plugin. -->","yoast_head_json":{"title":"COMPLIANCE - Elotrans","robots":{"index":"index","follow":"follow","max-snippet":"max-snippet:-1","max-image-preview":"max-image-preview:large","max-video-preview":"max-video-preview:-1"},"canonical":"https:\/\/www.elotrans.com.br\/es\/compliance\/","og_locale":"es_ES","og_type":"article","og_title":"COMPLIANCE - Elotrans","og_url":"https:\/\/www.elotrans.com.br\/es\/compliance\/","og_site_name":"Elotrans","article_modified_time":"2026-04-24T17:06:19+00:00","twitter_card":"summary_large_image","schema":{"@context":"https:\/\/schema.org","@graph":[{"@type":"WebPage","@id":"https:\/\/www.elotrans.com.br\/compliance\/","url":"https:\/\/www.elotrans.com.br\/compliance\/","name":"COMPLIANCE - Elotrans","isPartOf":{"@id":"http:\/\/www.elotrans.com.br\/#website"},"datePublished":"2020-03-12T13:04:58+00:00","dateModified":"2026-04-24T17:06:19+00:00","breadcrumb":{"@id":"https:\/\/www.elotrans.com.br\/compliance\/#breadcrumb"},"inLanguage":"es","potentialAction":[{"@type":"ReadAction","target":["https:\/\/www.elotrans.com.br\/compliance\/"]}]},{"@type":"BreadcrumbList","@id":"https:\/\/www.elotrans.com.br\/compliance\/#breadcrumb","itemListElement":[{"@type":"ListItem","position":1,"name":"In\u00edcio","item":"http:\/\/www.elotrans.com.br\/"},{"@type":"ListItem","position":2,"name":"COMPLIANCE"}]},{"@type":"WebSite","@id":"http:\/\/www.elotrans.com.br\/#website","url":"http:\/\/www.elotrans.com.br\/","name":"Elotrans","description":"Log\u00edstica para todo mundo","potentialAction":[{"@type":"SearchAction","target":{"@type":"EntryPoint","urlTemplate":"http:\/\/www.elotrans.com.br\/?s={search_term_string}"},"query-input":"required name=search_term_string"}],"inLanguage":"es"}]}},"_links":{"self":[{"href":"https:\/\/www.elotrans.com.br\/es\/wp-json\/wp\/v2\/pages\/693","targetHints":{"allow":["GET"]}}],"collection":[{"href":"https:\/\/www.elotrans.com.br\/es\/wp-json\/wp\/v2\/pages"}],"about":[{"href":"https:\/\/www.elotrans.com.br\/es\/wp-json\/wp\/v2\/types\/page"}],"author":[{"embeddable":true,"href":"https:\/\/www.elotrans.com.br\/es\/wp-json\/wp\/v2\/users\/2"}],"replies":[{"embeddable":true,"href":"https:\/\/www.elotrans.com.br\/es\/wp-json\/wp\/v2\/comments?post=693"}],"version-history":[{"count":17,"href":"https:\/\/www.elotrans.com.br\/es\/wp-json\/wp\/v2\/pages\/693\/revisions"}],"predecessor-version":[{"id":1124,"href":"https:\/\/www.elotrans.com.br\/es\/wp-json\/wp\/v2\/pages\/693\/revisions\/1124"}],"wp:attachment":[{"href":"https:\/\/www.elotrans.com.br\/es\/wp-json\/wp\/v2\/media?parent=693"}],"curies":[{"name":"wp","href":"https:\/\/api.w.org\/{rel}","templated":true}]}}