{"id":339,"date":"2019-12-18T16:04:34","date_gmt":"2019-12-18T18:04:34","guid":{"rendered":"https:\/\/www.elotrans.com.br\/?page_id=339"},"modified":"2025-04-02T14:49:12","modified_gmt":"2025-04-02T17:49:12","slug":"contato","status":"publish","type":"page","link":"https:\/\/www.elotrans.com.br\/en\/contato\/","title":{"rendered":"Contact"},"content":{"rendered":"<section class=\"section has-parallax\" id=\"section_1685073608\">\n\t\t<div class=\"bg section-bg fill bg-fill\" data-parallax-container=\".section\" data-parallax-background data-parallax=\"-5\">\n\n\t\t\t\n\t\t\t<div class=\"section-bg-overlay absolute fill\"><\/div>\n\t\t\t\n\n\t\t<\/div>\n\n\t\t<div class=\"section-content relative\">\n\t\t\t\n\n<div class=\"container section-title-container\" ><h2 class=\"section-title section-title-center\"><b><\/b><span class=\"section-title-main\" style=\"color:rgb(68, 68, 68);\">CONTACT US<\/span><b><\/b><\/h2><\/div>\n\n<div class=\"row row-large align-equal align-center\"  id=\"row-1632880746\">\n\n\n\t<div class=\"col medium-6 small-12 large-6\"  >\n\t\t<div class=\"col-inner\"  >\n\t\t\t\n\t\t\t\n\n\t<div class=\"img has-hover x md-x lg-x y md-y lg-y\" id=\"image_1718945768\">\n\t\t\t\t\t\t<div data-animate=\"fadeInUp\">\t\t<div class=\"img-inner image-cover box-shadow-2 box-shadow-3-hover dark\" style=\"padding-top:56.25%;margin:14px 0px 0px 0px;\">\n\t\t\t<img loading=\"lazy\" decoding=\"async\" width=\"719\" height=\"480\" src=\"https:\/\/www.elotrans.com.br\/wp-content\/uploads\/2020\/03\/contact_form.jpg\" class=\"attachment-original size-original\" alt=\"\" srcset=\"https:\/\/www.elotrans.com.br\/wp-content\/uploads\/2020\/03\/contact_form.jpg 719w, https:\/\/www.elotrans.com.br\/wp-content\/uploads\/2020\/03\/contact_form-599x400.jpg 599w\" sizes=\"auto, (max-width: 719px) 100vw, 719px\" \/>\t\t\t\t\t\t\t<div class=\"overlay\" style=\"background-color: rgba(255, 255, 255, 0.31)\"><\/div>\n\t\t\t\t\t\t\n\t\t\t\t\t<\/div>\n\t\t<\/div>\t\t\t\t\t\t\n<style scope=\"scope\">\n\n#image_1718945768 {\n  width: 100%;\n}\n<\/style>\n\t<\/div>\n\t\n\n<p><span style=\"font-size: 115%;\"><strong><br \/>ELOTRANS &#8211; S\u00c3O PAULO<\/strong><br \/>Rua Geraldo Campos Moreira, 164 CJS 64\/65<\/span><br \/><span style=\"font-size: 115%;\">CEP 04571-020 \u2013 S\u00e3o Paulo, SP<\/span><\/p>\n<p><strong>TELEFONE<\/strong><br \/><span style=\"font-size: 115%;\">Tel: +55 11 3588-9797<\/span><\/p>\n<p><strong>E-MAIL<\/strong><br \/><span style=\"font-size: 115%;\"><a href=\"mailto:elotrans@elotrans.com.br\">elotrans@elotrans.com.br <br \/>(Clique aqui para enviar sua mensagem)<\/a><\/span><\/p>\n<p><strong>COTA\u00c7\u00d5ES E VENDAS<\/strong><br \/><a href=\"mailto:elotrans@elotrans.com.br\">elotrans@elotrans.com.br<\/a><\/p>\n<p><span style=\"font-size: 115%;\">Para solicitar sua cota\u00e7\u00e3o gr\u00e1tis, basta baixar nossa planilha preencher e nos reenviar por e-mail, nossa equipe comercial entrar\u00e1 em contato.<\/span><\/p>\n<p><span style=\"font-size: 115%;\"><a href=\"http:\/\/www.elotrans.com.br\/wp-content\/uploads\/2023\/02\/RFQQuotation.zip\">Baixe aqui a planilha RFQ. Quotation<\/a><\/span><\/p>\n<p><span style=\"font-size: 115%;\">Nossa equipe comercial entrar\u00e1 em contato.<\/span><\/p>\n<p><a href=\"https:\/\/api.whatsapp.com\/send?phone=+551135889797&amp;text=Ol%C3%A1%20Elotrans%2C%20tudo%20bem%3F\"><img loading=\"lazy\" decoding=\"async\" class=\"alignnonewp-image-1041\" src=\"http:\/\/www.elotrans.com.br\/wp-content\/uploads\/2022\/11\/678b20b7e76e3c81baa4f8c6ee1bc656-391x400.png\" alt=\"\" width=\"24\" height=\"25\" srcset=\"https:\/\/www.elotrans.com.br\/wp-content\/uploads\/2022\/11\/678b20b7e76e3c81baa4f8c6ee1bc656-391x400.png 391w, https:\/\/www.elotrans.com.br\/wp-content\/uploads\/2022\/11\/678b20b7e76e3c81baa4f8c6ee1bc656-782x800.png 782w, https:\/\/www.elotrans.com.br\/wp-content\/uploads\/2022\/11\/678b20b7e76e3c81baa4f8c6ee1bc656-280x280.png 280w, https:\/\/www.elotrans.com.br\/wp-content\/uploads\/2022\/11\/678b20b7e76e3c81baa4f8c6ee1bc656-768x786.png 768w, https:\/\/www.elotrans.com.br\/wp-content\/uploads\/2022\/11\/678b20b7e76e3c81baa4f8c6ee1bc656-12x12.png 12w, https:\/\/www.elotrans.com.br\/wp-content\/uploads\/2022\/11\/678b20b7e76e3c81baa4f8c6ee1bc656.png 1000w\" sizes=\"auto, (max-width: 24px) 100vw, 24px\" \/><span style=\"font-size: 115%;\"> Envie mensagem pelo Whatsapp<\/span><\/a><\/p>\n<div class=\"social-icons follow-icons\" ><a href=\"https:\/\/www.instagram.com\/elotrans.oficial\/?__coig_restricted=1\" target=\"_blank\" rel=\"noopener noreferrer nofollow\" data-label=\"Instagram\" class=\"icon button circle is-outline  instagram tooltip\" title=\"Follow on Instagram\"><i class=\"icon-instagram\" ><\/i><\/a><a href=\"mailto:elotrans@elotrans.com.br\" data-label=\"E-mail\"  rel=\"nofollow\" class=\"icon button circle is-outline  email tooltip\" title=\"Send us an email\"><i class=\"icon-envelop\" ><\/i><\/a><a href=\"tel:https:\/\/api.whatsapp.com\/send?phone=+551135889797&amp;text=Ol%C3%A1%20Elotrans%2C%20tudo%20bem%3F\" target=\"_blank\"  data-label=\"Phone\"  rel=\"noopener noreferrer nofollow\" class=\"icon button circle is-outline  phone tooltip\" title=\"Call us\"><i class=\"icon-phone\" ><\/i><\/a><a href=\"https:\/\/www.linkedin.com\/company\/elotrans-transportes-internacionais-ltda\/\" target=\"_blank\" rel=\"noopener noreferrer nofollow\" data-label=\"LinkedIn\" class=\"icon button circle is-outline  linkedin tooltip\" title=\"Follow on LinkedIn\"><i class=\"icon-linkedin\" ><\/i><\/a><\/div>\n\n\n\t\t<\/div>\n\t<\/div>\n\n\t\n\n\t<div class=\"col medium-6 small-12 large-6\"  >\n\t\t<div class=\"col-inner text-center\"  >\n\t\t\t\n\t\t\t\n\n\n\n\t\t<\/div>\n\t<\/div>\n\n\t\n\n\n<style scope=\"scope\">\n\n<\/style>\n<\/div>\n<div class=\"container section-title-container\" ><h2 class=\"section-title section-title-center\"><b><\/b><span class=\"section-title-main\" style=\"color:rgb(68, 68, 68);\">Offices<\/span><b><\/b><\/h2><\/div>\n\n<div class=\"row row-collapse row-full-width align-center\"  id=\"row-1950364962\">\n\n\n\t<div class=\"col medium-4 small-12 large-4\"  >\n\t\t<div class=\"col-inner\"  >\n\t\t\t\n\t\t\t\n\n<p style=\"text-align: center;\"><strong><span style=\"font-size: 200%;\"><img loading=\"lazy\" decoding=\"async\" class=\"size-full wp-image-422 aligncenter\" src=\"http:\/\/www.elotrans.com.br\/wp-content\/uploads\/2019\/12\/loca.png\" alt=\"\" width=\"52\" height=\"92\"><span style=\"color: #444444;\">Santos<\/span><\/span><br \/><\/strong><span style=\"font-size: 100%;\">Rua XV de Novembro, 65 \u2013 1\u00ba andar CJ. 1B<\/span><br \/><span style=\"font-size: 100%;\">Cep 11010-910 \u2013 Centro \u2013 Santos, SP<\/span><\/p>\n\n\t\t<\/div>\n\t<\/div>\n\n\t\n\n\t<div class=\"col medium-4 small-12 large-4\"  >\n\t\t<div class=\"col-inner\"  >\n\t\t\t\n\t\t\t\n\n<p style=\"text-align: center;\"><strong><span style=\"font-size: 200%;\"><img loading=\"lazy\" decoding=\"async\" class=\"size-full wp-image-423 aligncenter\" src=\"http:\/\/www.elotrans.com.br\/wp-content\/uploads\/2019\/12\/loca2.png\" alt=\"\" width=\"52\" height=\"92\"><\/span><\/strong><span style=\"color: #808080;\"><span style=\"color: #444444;\"><strong><span style=\"font-size: 200%;\">S\u00e3o Paulo<\/span><br \/><\/strong><\/span><\/span><span style=\"font-size: 100%;\">Rua Geraldo Campos Moreira, 164 CJS 64\/65<\/span><br \/><span style=\"font-size: 100%;\">CEP 04571-020 \u2013 S\u00e3o Paulo, SP<\/span><br \/><span style=\"font-size: 100%;\">Tel: +55 11 3588-9797<\/span><br \/><span style=\"font-size: 100%;\">elotrans@elotrans.com.br<\/span><\/p>\n\n\t\t<\/div>\n\t<\/div>\n\n\t\n\n\t<div class=\"col medium-4 small-12 large-4\"  >\n\t\t<div class=\"col-inner\"  >\n\t\t\t\n\t\t\t\n\n<p style=\"text-align: center;\"><strong><span style=\"font-size: 200%;\"><img loading=\"lazy\" decoding=\"async\" class=\"size-full wp-image-422 aligncenter\" src=\"http:\/\/www.elotrans.com.br\/wp-content\/uploads\/2019\/12\/loca.png\" alt=\"\" width=\"52\" height=\"92\"><\/span><\/strong><strong><span style=\"font-size: 200%; color: #444444;\">Campinas<\/span><br \/><\/strong><span style=\"font-size: 100%;\">Rod. Santos Dumont, km 66 \u2013 Parque Viracopos<\/span><br \/><span style=\"font-size: 100%;\">Centro Empresarial Viracopos, 1\u00ba andar sala 195<\/span><br \/><span style=\"font-size: 100%;\">CEP 13052-901 \u2013 Campinas, SP<\/span><br \/><span style=\"font-size: 100%;\"><strong>&nbsp;<\/strong><\/span><\/p>\n\n\t\t<\/div>\n\t<\/div>\n\n\t\n\n\n<style scope=\"scope\">\n\n<\/style>\n<\/div>\n\n\t\t<\/div>\n\n\t\t\n<style scope=\"scope\">\n\n#section_1685073608 {\n  padding-top: 0px;\n  padding-bottom: 0px;\n}\n#section_1685073608 .section-bg-overlay {\n  background-color: rgba(255, 255, 255, 0.6);\n}\n#section_1685073608 .section-bg.bg-loaded {\n  background-image: url(https:\/\/www.elotrans.com.br\/wp-content\/uploads\/2019\/12\/bg_mapa.jpg);\n}\n#section_1685073608 .section-bg {\n  background-position: 49% 53%;\n}\n<\/style>\n\t<\/section>","protected":false},"excerpt":{"rendered":"","protected":false},"author":2,"featured_media":0,"parent":0,"menu_order":0,"comment_status":"closed","ping_status":"closed","template":"page-blank.php","meta":{"footnotes":""},"class_list":["post-339","page","type-page","status-publish","hentry"],"yoast_head":"<!-- This site is optimized with the Yoast SEO plugin v22.2 - https:\/\/yoast.com\/wordpress\/plugins\/seo\/ -->\n<title>Faca sua Cota\u00e7\u00e3o - Elotrans Transportes e Log\u00edsitica<\/title>\n<meta name=\"description\" content=\"A Elotrans \u00e9 uma empresa brasileira sediada na cidade de S\u00e3o Paulo. Possui escrit\u00f3rios em Guarulhos, Viracopos\/Campinas, Santos e no Rio de Janeiro.\" \/>\n<meta name=\"robots\" content=\"index, follow, max-snippet:-1, max-image-preview:large, max-video-preview:-1\" \/>\n<link rel=\"canonical\" href=\"https:\/\/www.elotrans.com.br\/en\/contato\/\" \/>\n<meta property=\"og:locale\" content=\"en_US\" \/>\n<meta property=\"og:type\" content=\"article\" \/>\n<meta property=\"og:title\" content=\"Faca sua Cota\u00e7\u00e3o - Elotrans Transportes e Log\u00edsitica\" \/>\n<meta property=\"og:description\" content=\"A Elotrans \u00e9 uma empresa brasileira sediada na cidade de S\u00e3o Paulo. Possui escrit\u00f3rios em Guarulhos, Viracopos\/Campinas, Santos e no Rio de Janeiro.\" \/>\n<meta property=\"og:url\" content=\"https:\/\/www.elotrans.com.br\/en\/contato\/\" \/>\n<meta property=\"og:site_name\" content=\"Elotrans\" \/>\n<meta property=\"article:modified_time\" content=\"2025-04-02T17:49:12+00:00\" \/>\n<meta property=\"og:image\" content=\"http:\/\/www.elotrans.com.br\/wp-content\/uploads\/2022\/11\/678b20b7e76e3c81baa4f8c6ee1bc656-391x400.png\" \/>\n<meta name=\"twitter:card\" content=\"summary_large_image\" \/>\n<meta name=\"twitter:label1\" content=\"Est. reading time\" \/>\n\t<meta name=\"twitter:data1\" content=\"2 minutes\" \/>\n<script type=\"application\/ld+json\" class=\"yoast-schema-graph\">{\"@context\":\"https:\/\/schema.org\",\"@graph\":[{\"@type\":\"WebPage\",\"@id\":\"https:\/\/www.elotrans.com.br\/contato\/\",\"url\":\"https:\/\/www.elotrans.com.br\/contato\/\",\"name\":\"Faca sua Cota\u00e7\u00e3o - Elotrans Transportes e Log\u00edsitica\",\"isPartOf\":{\"@id\":\"http:\/\/www.elotrans.com.br\/#website\"},\"primaryImageOfPage\":{\"@id\":\"https:\/\/www.elotrans.com.br\/contato\/#primaryimage\"},\"image\":{\"@id\":\"https:\/\/www.elotrans.com.br\/contato\/#primaryimage\"},\"thumbnailUrl\":\"http:\/\/www.elotrans.com.br\/wp-content\/uploads\/2022\/11\/678b20b7e76e3c81baa4f8c6ee1bc656-391x400.png\",\"datePublished\":\"2019-12-18T18:04:34+00:00\",\"dateModified\":\"2025-04-02T17:49:12+00:00\",\"description\":\"A Elotrans \u00e9 uma empresa brasileira sediada na cidade de S\u00e3o Paulo. Possui escrit\u00f3rios em Guarulhos, Viracopos\/Campinas, Santos e no Rio de Janeiro.\",\"breadcrumb\":{\"@id\":\"https:\/\/www.elotrans.com.br\/contato\/#breadcrumb\"},\"inLanguage\":\"en-US\",\"potentialAction\":[{\"@type\":\"ReadAction\",\"target\":[\"https:\/\/www.elotrans.com.br\/contato\/\"]}]},{\"@type\":\"ImageObject\",\"inLanguage\":\"en-US\",\"@id\":\"https:\/\/www.elotrans.com.br\/contato\/#primaryimage\",\"url\":\"https:\/\/www.elotrans.com.br\/wp-content\/uploads\/2022\/11\/678b20b7e76e3c81baa4f8c6ee1bc656.png\",\"contentUrl\":\"https:\/\/www.elotrans.com.br\/wp-content\/uploads\/2022\/11\/678b20b7e76e3c81baa4f8c6ee1bc656.png\",\"width\":1000,\"height\":1023},{\"@type\":\"BreadcrumbList\",\"@id\":\"https:\/\/www.elotrans.com.br\/contato\/#breadcrumb\",\"itemListElement\":[{\"@type\":\"ListItem\",\"position\":1,\"name\":\"In\u00edcio\",\"item\":\"http:\/\/www.elotrans.com.br\/\"},{\"@type\":\"ListItem\",\"position\":2,\"name\":\"Contato\"}]},{\"@type\":\"WebSite\",\"@id\":\"http:\/\/www.elotrans.com.br\/#website\",\"url\":\"http:\/\/www.elotrans.com.br\/\",\"name\":\"Elotrans\",\"description\":\"Log\u00edstica para todo mundo\",\"potentialAction\":[{\"@type\":\"SearchAction\",\"target\":{\"@type\":\"EntryPoint\",\"urlTemplate\":\"http:\/\/www.elotrans.com.br\/?s={search_term_string}\"},\"query-input\":\"required name=search_term_string\"}],\"inLanguage\":\"en-US\"}]}<\/script>\n<!-- \/ Yoast SEO plugin. -->","yoast_head_json":{"title":"Faca sua Cota\u00e7\u00e3o - Elotrans Transportes e Log\u00edsitica","description":"A Elotrans \u00e9 uma empresa brasileira sediada na cidade de S\u00e3o Paulo. Possui escrit\u00f3rios em Guarulhos, Viracopos\/Campinas, Santos e no Rio de Janeiro.","robots":{"index":"index","follow":"follow","max-snippet":"max-snippet:-1","max-image-preview":"max-image-preview:large","max-video-preview":"max-video-preview:-1"},"canonical":"https:\/\/www.elotrans.com.br\/en\/contato\/","og_locale":"en_US","og_type":"article","og_title":"Faca sua Cota\u00e7\u00e3o - Elotrans Transportes e Log\u00edsitica","og_description":"A Elotrans \u00e9 uma empresa brasileira sediada na cidade de S\u00e3o Paulo. Possui escrit\u00f3rios em Guarulhos, Viracopos\/Campinas, Santos e no Rio de Janeiro.","og_url":"https:\/\/www.elotrans.com.br\/en\/contato\/","og_site_name":"Elotrans","article_modified_time":"2025-04-02T17:49:12+00:00","og_image":[{"url":"http:\/\/www.elotrans.com.br\/wp-content\/uploads\/2022\/11\/678b20b7e76e3c81baa4f8c6ee1bc656-391x400.png"}],"twitter_card":"summary_large_image","twitter_misc":{"Est. reading time":"2 minutes"},"schema":{"@context":"https:\/\/schema.org","@graph":[{"@type":"WebPage","@id":"https:\/\/www.elotrans.com.br\/contato\/","url":"https:\/\/www.elotrans.com.br\/contato\/","name":"Faca sua Cota\u00e7\u00e3o - Elotrans Transportes e Log\u00edsitica","isPartOf":{"@id":"http:\/\/www.elotrans.com.br\/#website"},"primaryImageOfPage":{"@id":"https:\/\/www.elotrans.com.br\/contato\/#primaryimage"},"image":{"@id":"https:\/\/www.elotrans.com.br\/contato\/#primaryimage"},"thumbnailUrl":"http:\/\/www.elotrans.com.br\/wp-content\/uploads\/2022\/11\/678b20b7e76e3c81baa4f8c6ee1bc656-391x400.png","datePublished":"2019-12-18T18:04:34+00:00","dateModified":"2025-04-02T17:49:12+00:00","description":"A Elotrans \u00e9 uma empresa brasileira sediada na cidade de S\u00e3o Paulo. Possui escrit\u00f3rios em Guarulhos, Viracopos\/Campinas, Santos e no Rio de Janeiro.","breadcrumb":{"@id":"https:\/\/www.elotrans.com.br\/contato\/#breadcrumb"},"inLanguage":"en-US","potentialAction":[{"@type":"ReadAction","target":["https:\/\/www.elotrans.com.br\/contato\/"]}]},{"@type":"ImageObject","inLanguage":"en-US","@id":"https:\/\/www.elotrans.com.br\/contato\/#primaryimage","url":"https:\/\/www.elotrans.com.br\/wp-content\/uploads\/2022\/11\/678b20b7e76e3c81baa4f8c6ee1bc656.png","contentUrl":"https:\/\/www.elotrans.com.br\/wp-content\/uploads\/2022\/11\/678b20b7e76e3c81baa4f8c6ee1bc656.png","width":1000,"height":1023},{"@type":"BreadcrumbList","@id":"https:\/\/www.elotrans.com.br\/contato\/#breadcrumb","itemListElement":[{"@type":"ListItem","position":1,"name":"In\u00edcio","item":"http:\/\/www.elotrans.com.br\/"},{"@type":"ListItem","position":2,"name":"Contato"}]},{"@type":"WebSite","@id":"http:\/\/www.elotrans.com.br\/#website","url":"http:\/\/www.elotrans.com.br\/","name":"Elotrans","description":"Log\u00edstica para todo mundo","potentialAction":[{"@type":"SearchAction","target":{"@type":"EntryPoint","urlTemplate":"http:\/\/www.elotrans.com.br\/?s={search_term_string}"},"query-input":"required name=search_term_string"}],"inLanguage":"en-US"}]}},"_links":{"self":[{"href":"https:\/\/www.elotrans.com.br\/en\/wp-json\/wp\/v2\/pages\/339","targetHints":{"allow":["GET"]}}],"collection":[{"href":"https:\/\/www.elotrans.com.br\/en\/wp-json\/wp\/v2\/pages"}],"about":[{"href":"https:\/\/www.elotrans.com.br\/en\/wp-json\/wp\/v2\/types\/page"}],"author":[{"embeddable":true,"href":"https:\/\/www.elotrans.com.br\/en\/wp-json\/wp\/v2\/users\/2"}],"replies":[{"embeddable":true,"href":"https:\/\/www.elotrans.com.br\/en\/wp-json\/wp\/v2\/comments?post=339"}],"version-history":[{"count":80,"href":"https:\/\/www.elotrans.com.br\/en\/wp-json\/wp\/v2\/pages\/339\/revisions"}],"predecessor-version":[{"id":1098,"href":"https:\/\/www.elotrans.com.br\/en\/wp-json\/wp\/v2\/pages\/339\/revisions\/1098"}],"wp:attachment":[{"href":"https:\/\/www.elotrans.com.br\/en\/wp-json\/wp\/v2\/media?parent=339"}],"curies":[{"name":"wp","href":"https:\/\/api.w.org\/{rel}","templated":true}]}}