{"id":338,"date":"2019-12-18T16:04:34","date_gmt":"2019-12-18T18:04:34","guid":{"rendered":"https:\/\/www.elotrans.com.br\/?page_id=338"},"modified":"2023-02-17T14:28:20","modified_gmt":"2023-02-17T17:28:20","slug":"solucoes","status":"publish","type":"page","link":"https:\/\/www.elotrans.com.br\/en\/solucoes\/","title":{"rendered":"Solutions"},"content":{"rendered":"<section class=\"section\" id=\"section_1947755788\">\n\t\t<div class=\"bg section-bg fill bg-fill\" >\n\n\t\t\t\n\t\t\t<div class=\"section-bg-overlay absolute fill\"><\/div>\n\t\t\t\n\n\t\t<\/div>\n\n\t\t<div class=\"section-content relative\">\n\t\t\t\n\n<div class=\"row row-small align-middle\"  id=\"row-1485108933\">\n\n\n\t<div class=\"col medium-8 small-12 large-8\"  >\n\t\t<div class=\"col-inner\"  >\n\t\t\t\n\t\t\t\n\n<h2 class=\"uppercase\"><span style=\"font-size: 100%;\"><strong><span style=\"color: #444444;\">SERVICES<\/span><\/strong><\/span><\/h2>\n<ul>\n<li>Transportes de linhas de produ\u00e7\u00e3o e fabrica\u00e7\u00e3o;<\/li>\n<li>Transportes de bens de investimento;<\/li>\n<li>Transporte de insumos e mat\u00e9rias de alto valor;<\/li>\n<li>Transporte de insumos de diferentes densidades;<\/li>\n<li>Transportes de mercadorias com temperatura controlada;<\/li>\n<li>Transporte com acompanhamento t\u00e9cnico e de seguran\u00e7a;<\/li>\n<li>Desembara\u00e7o aduaneiro;<br \/>&#8211; Consultoria em desembara\u00e7o aduaneiro e procedimentos de transporte internacional;<\/li>\n<\/ul>\n<h2><span style=\"font-size: 100%;\"><strong><span style=\"color: #444444;\">INDUSTRIES<\/span><\/strong><\/span><\/h2>\n<section class=\"internal-content\">\n<p>Nossa experi\u00eancia engloba conhecimento t\u00e9cnico de diferentes segmentos da ind\u00fastria mundial, gra\u00e7as as parcerias solidas e coopera\u00e7\u00f5es que fizemos no decorrer dos anos.<\/p>\n<p>\u00a0<\/p>\n<\/section>\n\n\t\t<\/div>\n\t<\/div>\n\n\t\n\n\t<div class=\"col medium-4 small-12 large-4\"  >\n\t\t<div class=\"col-inner\"  >\n\t\t\t\n\t\t\t\n\n\t<div class=\"img has-hover x md-x lg-x y md-y lg-y\" id=\"image_115080179\">\n\t\t\t\t\t\t\t\t<div class=\"img-inner dark\" >\n\t\t\t<img loading=\"lazy\" decoding=\"async\" width=\"720\" height=\"800\" src=\"https:\/\/www.elotrans.com.br\/wp-content\/uploads\/2020\/03\/bg_solucoes5-720x800.jpg\" class=\"attachment-large size-large\" alt=\"\" srcset=\"https:\/\/www.elotrans.com.br\/wp-content\/uploads\/2020\/03\/bg_solucoes5-720x800.jpg 720w, https:\/\/www.elotrans.com.br\/wp-content\/uploads\/2020\/03\/bg_solucoes5-360x400.jpg 360w, https:\/\/www.elotrans.com.br\/wp-content\/uploads\/2020\/03\/bg_solucoes5-768x853.jpg 768w, https:\/\/www.elotrans.com.br\/wp-content\/uploads\/2020\/03\/bg_solucoes5.jpg 900w\" sizes=\"auto, (max-width: 720px) 100vw, 720px\" \/>\t\t\t\t\t\t\n\t\t\t\t\t<\/div>\n\t\t\t\t\t\t\t\t\n<style scope=\"scope\">\n\n#image_115080179 {\n  width: 100%;\n}\n<\/style>\n\t<\/div>\n\t\n\n\n\t\t<\/div>\n\t<\/div>\n\n\t\n\n\n<style scope=\"scope\">\n\n<\/style>\n<\/div>\n<div class=\"row row-small align-center\"  id=\"row-1860208905\">\n\n\n\t<div class=\"col small-12 large-12\"  data-animate=\"fadeInUp\">\n\t\t<div class=\"col-inner\" style=\"padding:0 0px 0px 0px;\" >\n\t\t\t\n\t\t\t\n\n<section class=\"internal-content\">\n<h2><span style=\"color: #444444; font-size: 100%;\"><strong>Some of them are listed below:<\/strong><\/span><\/h2>\n<ul>\n<li>Automotive Industry;<\/li>\n<li>Pharmaceutical industry;<\/li>\n<li>Food Industry;<\/li>\n<li>Textile and Apparel Industry;<\/li>\n<li>Ind\u00fastria de m\u00e1quinas e de bens de investimentos;<\/li>\n<li>Paper and Cellulose Industry;<\/li>\n<li>Basic Raw Products and Semi-finished Products Industry.<\/li>\n<\/ul>\n<\/section>\n\n\t\t<\/div>\n\t<\/div>\n\n\t\n\n\n<style scope=\"scope\">\n\n#row-1860208905 > .col > .col-inner {\n  padding: 0px 0px 0 0px;\n}\n<\/style>\n<\/div>\n\n\t\t<\/div>\n\n\t\t\n<style scope=\"scope\">\n\n#section_1947755788 {\n  padding-top: 0px;\n  padding-bottom: 0px;\n}\n#section_1947755788 .section-bg-overlay {\n  background-color: rgba(255, 255, 255, 0.67);\n}\n#section_1947755788 .section-bg.bg-loaded {\n  background-image: url(https:\/\/www.elotrans.com.br\/wp-content\/uploads\/2019\/12\/bg_mapa-711x400.jpg);\n}\n#section_1947755788 .section-bg {\n  background-position: 62% 51%;\n}\n<\/style>\n\t<\/section>","protected":false},"excerpt":{"rendered":"","protected":false},"author":2,"featured_media":0,"parent":0,"menu_order":0,"comment_status":"closed","ping_status":"closed","template":"","meta":{"footnotes":""},"class_list":["post-338","page","type-page","status-publish","hentry"],"yoast_head":"<!-- This site is optimized with the Yoast SEO plugin v22.2 - https:\/\/yoast.com\/wordpress\/plugins\/seo\/ -->\n<title>Nossas Solu\u00e7\u00f5es - Elotrans Transportes e Log\u00edstica<\/title>\n<meta name=\"description\" content=\"Ao longo dos anos, a Elotrans pode trabalhar em praticamente todos os ramos de atividade industrial e comercial. Venha conhecer mais sobre a Elotrans.\" \/>\n<meta name=\"robots\" content=\"index, follow, max-snippet:-1, max-image-preview:large, max-video-preview:-1\" \/>\n<link rel=\"canonical\" href=\"https:\/\/www.elotrans.com.br\/en\/solucoes\/\" \/>\n<meta property=\"og:locale\" content=\"en_US\" \/>\n<meta property=\"og:type\" content=\"article\" \/>\n<meta property=\"og:title\" content=\"Nossas Solu\u00e7\u00f5es - Elotrans Transportes e Log\u00edstica\" \/>\n<meta property=\"og:description\" content=\"Ao longo dos anos, a Elotrans pode trabalhar em praticamente todos os ramos de atividade industrial e comercial. Venha conhecer mais sobre a Elotrans.\" \/>\n<meta property=\"og:url\" content=\"https:\/\/www.elotrans.com.br\/en\/solucoes\/\" \/>\n<meta property=\"og:site_name\" content=\"Elotrans\" \/>\n<meta property=\"article:modified_time\" content=\"2023-02-17T17:28:20+00:00\" \/>\n<meta name=\"twitter:card\" content=\"summary_large_image\" \/>\n<script type=\"application\/ld+json\" class=\"yoast-schema-graph\">{\"@context\":\"https:\/\/schema.org\",\"@graph\":[{\"@type\":\"WebPage\",\"@id\":\"https:\/\/www.elotrans.com.br\/es\/solucoes\/\",\"url\":\"https:\/\/www.elotrans.com.br\/solucoes\/\",\"name\":\"Nossas Solu\u00e7\u00f5es - Elotrans Transportes e Log\u00edstica\",\"isPartOf\":{\"@id\":\"http:\/\/www.elotrans.com.br\/#website\"},\"datePublished\":\"2019-12-18T18:04:34+00:00\",\"dateModified\":\"2023-02-17T17:28:20+00:00\",\"description\":\"Ao longo dos anos, a Elotrans pode trabalhar em praticamente todos os ramos de atividade industrial e comercial. Venha conhecer mais sobre a Elotrans.\",\"breadcrumb\":{\"@id\":\"https:\/\/www.elotrans.com.br\/solucoes\/#breadcrumb\"},\"inLanguage\":\"en-US\",\"potentialAction\":[{\"@type\":\"ReadAction\",\"target\":[\"https:\/\/www.elotrans.com.br\/solucoes\/\"]}]},{\"@type\":\"BreadcrumbList\",\"@id\":\"https:\/\/www.elotrans.com.br\/solucoes\/#breadcrumb\",\"itemListElement\":[{\"@type\":\"ListItem\",\"position\":1,\"name\":\"In\u00edcio\",\"item\":\"http:\/\/www.elotrans.com.br\/\"},{\"@type\":\"ListItem\",\"position\":2,\"name\":\"Solu\u00e7\u00f5es\"}]},{\"@type\":\"WebSite\",\"@id\":\"http:\/\/www.elotrans.com.br\/#website\",\"url\":\"http:\/\/www.elotrans.com.br\/\",\"name\":\"Elotrans\",\"description\":\"Log\u00edstica para todo mundo\",\"potentialAction\":[{\"@type\":\"SearchAction\",\"target\":{\"@type\":\"EntryPoint\",\"urlTemplate\":\"http:\/\/www.elotrans.com.br\/?s={search_term_string}\"},\"query-input\":\"required name=search_term_string\"}],\"inLanguage\":\"en-US\"}]}<\/script>\n<!-- \/ Yoast SEO plugin. -->","yoast_head_json":{"title":"Nossas Solu\u00e7\u00f5es - Elotrans Transportes e Log\u00edstica","description":"Ao longo dos anos, a Elotrans pode trabalhar em praticamente todos os ramos de atividade industrial e comercial. Venha conhecer mais sobre a Elotrans.","robots":{"index":"index","follow":"follow","max-snippet":"max-snippet:-1","max-image-preview":"max-image-preview:large","max-video-preview":"max-video-preview:-1"},"canonical":"https:\/\/www.elotrans.com.br\/en\/solucoes\/","og_locale":"en_US","og_type":"article","og_title":"Nossas Solu\u00e7\u00f5es - Elotrans Transportes e Log\u00edstica","og_description":"Ao longo dos anos, a Elotrans pode trabalhar em praticamente todos os ramos de atividade industrial e comercial. Venha conhecer mais sobre a Elotrans.","og_url":"https:\/\/www.elotrans.com.br\/en\/solucoes\/","og_site_name":"Elotrans","article_modified_time":"2023-02-17T17:28:20+00:00","twitter_card":"summary_large_image","schema":{"@context":"https:\/\/schema.org","@graph":[{"@type":"WebPage","@id":"https:\/\/www.elotrans.com.br\/es\/solucoes\/","url":"https:\/\/www.elotrans.com.br\/solucoes\/","name":"Nossas Solu\u00e7\u00f5es - Elotrans Transportes e Log\u00edstica","isPartOf":{"@id":"http:\/\/www.elotrans.com.br\/#website"},"datePublished":"2019-12-18T18:04:34+00:00","dateModified":"2023-02-17T17:28:20+00:00","description":"Ao longo dos anos, a Elotrans pode trabalhar em praticamente todos os ramos de atividade industrial e comercial. Venha conhecer mais sobre a Elotrans.","breadcrumb":{"@id":"https:\/\/www.elotrans.com.br\/solucoes\/#breadcrumb"},"inLanguage":"en-US","potentialAction":[{"@type":"ReadAction","target":["https:\/\/www.elotrans.com.br\/solucoes\/"]}]},{"@type":"BreadcrumbList","@id":"https:\/\/www.elotrans.com.br\/solucoes\/#breadcrumb","itemListElement":[{"@type":"ListItem","position":1,"name":"In\u00edcio","item":"http:\/\/www.elotrans.com.br\/"},{"@type":"ListItem","position":2,"name":"Solu\u00e7\u00f5es"}]},{"@type":"WebSite","@id":"http:\/\/www.elotrans.com.br\/#website","url":"http:\/\/www.elotrans.com.br\/","name":"Elotrans","description":"Log\u00edstica para todo mundo","potentialAction":[{"@type":"SearchAction","target":{"@type":"EntryPoint","urlTemplate":"http:\/\/www.elotrans.com.br\/?s={search_term_string}"},"query-input":"required name=search_term_string"}],"inLanguage":"en-US"}]}},"_links":{"self":[{"href":"https:\/\/www.elotrans.com.br\/en\/wp-json\/wp\/v2\/pages\/338","targetHints":{"allow":["GET"]}}],"collection":[{"href":"https:\/\/www.elotrans.com.br\/en\/wp-json\/wp\/v2\/pages"}],"about":[{"href":"https:\/\/www.elotrans.com.br\/en\/wp-json\/wp\/v2\/types\/page"}],"author":[{"embeddable":true,"href":"https:\/\/www.elotrans.com.br\/en\/wp-json\/wp\/v2\/users\/2"}],"replies":[{"embeddable":true,"href":"https:\/\/www.elotrans.com.br\/en\/wp-json\/wp\/v2\/comments?post=338"}],"version-history":[{"count":33,"href":"https:\/\/www.elotrans.com.br\/en\/wp-json\/wp\/v2\/pages\/338\/revisions"}],"predecessor-version":[{"id":1078,"href":"https:\/\/www.elotrans.com.br\/en\/wp-json\/wp\/v2\/pages\/338\/revisions\/1078"}],"wp:attachment":[{"href":"https:\/\/www.elotrans.com.br\/en\/wp-json\/wp\/v2\/media?parent=338"}],"curies":[{"name":"wp","href":"https:\/\/api.w.org\/{rel}","templated":true}]}}