{"id":336,"date":"2019-12-18T16:04:33","date_gmt":"2019-12-18T18:04:33","guid":{"rendered":"https:\/\/www.elotrans.com.br\/?page_id=336"},"modified":"2020-06-13T10:57:02","modified_gmt":"2020-06-13T13:57:02","slug":"atividades","status":"publish","type":"page","link":"https:\/\/www.elotrans.com.br\/en\/atividades\/","title":{"rendered":"Activities"},"content":{"rendered":"<section class=\"section\" id=\"section_1291345433\">\n\t\t<div class=\"bg section-bg fill bg-fill  bg-loaded\" >\n\n\t\t\t\n\t\t\t<div class=\"section-bg-overlay absolute fill\"><\/div>\n\t\t\t\n\n\t\t<\/div>\n\n\t\t<div class=\"section-content relative\">\n\t\t\t\n\n<div class=\"row row-small align-center\"  id=\"row-1762903023\">\n\n\n\t<div class=\"col small-12 large-12\"  >\n\t\t<div class=\"col-inner text-left\" style=\"padding:30px 0px 0px 0px;\" >\n\t\t\t\n\t\t\t\n\n<h2 class=\"uppercase\" style=\"text-align: left;\"><span style=\"font-size: 100%;\"><span style=\"color: #444444; font-size: 100%;\">MAIN ACTIVITIES&nbsp;&nbsp; <\/span><br \/><\/span><\/h2>\n<p>Seja qual for a sua carga ou qual for o seu destino, a <b>Elotrans<\/b> has what you need, either through sea, air or multimodal transportation. We also deal with all customs procedures, offering door-to-door services with in-house brokers.<\/p>\n\n\t\t<\/div>\n\t<\/div>\n\n\t\n\n\n<style scope=\"scope\">\n\n#row-1762903023 > .col > .col-inner {\n  padding: px 0px 0px 0px;\n}\n<\/style>\n<\/div>\n<div class=\"row row-small align-middle align-center\"  id=\"row-1041360485\">\n\n\n\t<div class=\"col medium-2 small-12 large-2\"  >\n\t\t<div class=\"col-inner text-center\" style=\"padding:30px 0px 0px 0px;\" >\n\t\t\t\n\t\t\t\n\n\t<div class=\"img has-hover x md-x lg-x y md-y lg-y\" id=\"image_1430653205\">\n\t\t\t\t\t\t<div data-animate=\"fadeInLeft\">\t\t<div class=\"img-inner dark\" >\n\t\t\t<img loading=\"lazy\" decoding=\"async\" width=\"234\" height=\"234\" src=\"https:\/\/www.elotrans.com.br\/wp-content\/uploads\/2020\/04\/maritimo.png\" class=\"attachment-original size-original\" alt=\"\" \/>\t\t\t\t\t\t\n\t\t\t\t\t<\/div>\n\t\t<\/div>\t\t\t\t\t\t\n<style scope=\"scope\">\n\n#image_1430653205 {\n  width: 50%;\n}\n\n\n@media (min-width:550px) {\n\n  #image_1430653205 {\n    width: 100%;\n  }\n\n}\n<\/style>\n\t<\/div>\n\t\n\n\n\t\t<\/div>\n\t<\/div>\n\n\t\n\n\t<div class=\"col medium-10 small-12 large-10\"  >\n\t\t<div class=\"col-inner text-left\" style=\"padding:30px 0px 0px 0px;\" >\n\t\t\t\n\t\t\t\n\n<h2><span style=\"color: #444444; font-size: 100%;\">SEA FREIGHT<\/span><\/h2>\n<p>Intended for bulky, heavy loads and in large quantities.<\/p>\n\n\t\t<\/div>\n\t<\/div>\n\n\t\n\n\t<div class=\"col medium-2 small-12 large-2\"  >\n\t\t<div class=\"col-inner text-center\" style=\"padding:30px 0px 0px 0px;\" >\n\t\t\t\n\t\t\t\n\n\t<div class=\"img has-hover x md-x lg-x y md-y lg-y\" id=\"image_2060362944\">\n\t\t\t\t\t\t<div data-animate=\"fadeInLeft\">\t\t<div class=\"img-inner dark\" >\n\t\t\t<img loading=\"lazy\" decoding=\"async\" width=\"234\" height=\"234\" src=\"https:\/\/www.elotrans.com.br\/wp-content\/uploads\/2020\/04\/aereo.png\" class=\"attachment-original size-original\" alt=\"\" \/>\t\t\t\t\t\t\n\t\t\t\t\t<\/div>\n\t\t<\/div>\t\t\t\t\t\t\n<style scope=\"scope\">\n\n#image_2060362944 {\n  width: 50%;\n}\n\n\n@media (min-width:550px) {\n\n  #image_2060362944 {\n    width: 100%;\n  }\n\n}\n<\/style>\n\t<\/div>\n\t\n\n\n\t\t<\/div>\n\t<\/div>\n\n\t\n\n\t<div class=\"col medium-10 small-12 large-10\"  >\n\t\t<div class=\"col-inner text-left\" style=\"padding:30px 0px 0px 0px;\" >\n\t\t\t\n\t\t\t\n\n<h2><span style=\"color: #444444;\">AIR FREIGHT<\/span><\/h2>\n<p>Appropriate for quick operations with great flexibility. Speed, just in time and last minute are some of its keywords.<\/p>\n\n\t\t<\/div>\n\t<\/div>\n\n\t\n\n\t<div class=\"col medium-2 small-12 large-2\"  >\n\t\t<div class=\"col-inner text-center\" style=\"padding:30px 0px 0px 0px;\" >\n\t\t\t\n\t\t\t\n\n\t<div class=\"img has-hover x md-x lg-x y md-y lg-y\" id=\"image_541800597\">\n\t\t\t\t\t\t<div data-animate=\"fadeInLeft\">\t\t<div class=\"img-inner dark\" >\n\t\t\t<img loading=\"lazy\" decoding=\"async\" width=\"234\" height=\"234\" src=\"https:\/\/www.elotrans.com.br\/wp-content\/uploads\/2020\/04\/aduaneiro.png\" class=\"attachment-original size-original\" alt=\"\" \/>\t\t\t\t\t\t\n\t\t\t\t\t<\/div>\n\t\t<\/div>\t\t\t\t\t\t\n<style scope=\"scope\">\n\n#image_541800597 {\n  width: 50%;\n}\n\n\n@media (min-width:550px) {\n\n  #image_541800597 {\n    width: 100%;\n  }\n\n}\n<\/style>\n\t<\/div>\n\t\n\n\n\t\t<\/div>\n\t<\/div>\n\n\t\n\n\t<div class=\"col medium-10 small-12 large-10\"  >\n\t\t<div class=\"col-inner text-left\" style=\"padding:30px 0px 0px 0px;\" >\n\t\t\t\n\t\t\t\n\n<h2><span style=\"color: #444444;\">MULTIMODAL TRANSPORT<\/span><\/h2>\n<p>Special systems and concepts to combine modes and reduce time and traffic: Air\/Air, Sea\/Air, Air\/Sea and Sea\/Sea. Here, we present the fastest or most economical solutions according to the clients needs.<\/p>\n\n\t\t<\/div>\n\t<\/div>\n\n\t\n\n\t<div class=\"col medium-2 small-12 large-2\"  >\n\t\t<div class=\"col-inner text-center\" style=\"padding:30px 0px 0px 0px;\" >\n\t\t\t\n\t\t\t\n\n\t<div class=\"img has-hover x md-x lg-x y md-y lg-y\" id=\"image_985532788\">\n\t\t\t\t\t\t<div data-animate=\"fadeInLeft\">\t\t<div class=\"img-inner dark\" >\n\t\t\t<img loading=\"lazy\" decoding=\"async\" width=\"234\" height=\"234\" src=\"https:\/\/www.elotrans.com.br\/wp-content\/uploads\/2020\/04\/wherehouse.png\" class=\"attachment-original size-original\" alt=\"\" \/>\t\t\t\t\t\t\n\t\t\t\t\t<\/div>\n\t\t<\/div>\t\t\t\t\t\t\n<style scope=\"scope\">\n\n#image_985532788 {\n  width: 50%;\n}\n\n\n@media (min-width:550px) {\n\n  #image_985532788 {\n    width: 100%;\n  }\n\n}\n<\/style>\n\t<\/div>\n\t\n\n\n\t\t<\/div>\n\t<\/div>\n\n\t\n\n\t<div class=\"col medium-10 small-12 large-10\"  >\n\t\t<div class=\"col-inner text-left\" style=\"padding:30px 0px 0px 0px;\" >\n\t\t\t\n\t\t\t\n\n<h2><span style=\"color: #444444;\">CUSTOMS CLEARANCE<\/span><\/h2>\n<p>Each country has its own laws and regulations to control imports and exports, which tend to change and be updated constantly. In this area we have absolute knowledge and, with continuous updates and expertise in the market, we can guarantee the highest efficiency in all customs procedures, in Brazil or anywhere in the world.<\/p>\n\n\t\t<\/div>\n\t<\/div>\n\n\t\n\n\n<style scope=\"scope\">\n\n#row-1041360485 > .col > .col-inner {\n  padding: px 0px 0px 0px;\n}\n<\/style>\n<\/div>\n\n\t\t<\/div>\n\n\t\t\n<style scope=\"scope\">\n\n#section_1291345433 {\n  padding-top: 0px;\n  padding-bottom: 0px;\n}\n#section_1291345433 .section-bg-overlay {\n  background-color: rgba(255, 255, 255, 0.92);\n}\n<\/style>\n\t<\/section>","protected":false},"excerpt":{"rendered":"","protected":false},"author":2,"featured_media":0,"parent":0,"menu_order":0,"comment_status":"closed","ping_status":"closed","template":"page-blank.php","meta":{"footnotes":""},"class_list":["post-336","page","type-page","status-publish","hentry"],"yoast_head":"<!-- This site is optimized with the Yoast SEO plugin v22.2 - https:\/\/yoast.com\/wordpress\/plugins\/seo\/ -->\n<title>Nossas Atividades - Elotrans Transportes e Log\u00edstica<\/title>\n<meta name=\"description\" content=\"O m\u00e9todo de trabalho \u00e9 diferenciado, adaptamos os seus servi\u00e7os de acordo com o perfil e necessidade de cada cliente, produto ou mercado. Veja mais!\" \/>\n<meta name=\"robots\" content=\"index, follow, max-snippet:-1, max-image-preview:large, max-video-preview:-1\" \/>\n<link rel=\"canonical\" href=\"https:\/\/www.elotrans.com.br\/en\/atividades\/\" \/>\n<meta property=\"og:locale\" content=\"en_US\" \/>\n<meta property=\"og:type\" content=\"article\" \/>\n<meta property=\"og:title\" content=\"Nossas Atividades - Elotrans Transportes e Log\u00edstica\" \/>\n<meta property=\"og:description\" content=\"O m\u00e9todo de trabalho \u00e9 diferenciado, adaptamos os seus servi\u00e7os de acordo com o perfil e necessidade de cada cliente, produto ou mercado. Veja mais!\" \/>\n<meta property=\"og:url\" content=\"https:\/\/www.elotrans.com.br\/en\/atividades\/\" \/>\n<meta property=\"og:site_name\" content=\"Elotrans\" \/>\n<meta property=\"article:modified_time\" content=\"2020-06-13T13:57:02+00:00\" \/>\n<meta name=\"twitter:card\" content=\"summary_large_image\" \/>\n<meta name=\"twitter:label1\" content=\"Est. reading time\" \/>\n\t<meta name=\"twitter:data1\" content=\"2 minutes\" \/>\n<script type=\"application\/ld+json\" class=\"yoast-schema-graph\">{\"@context\":\"https:\/\/schema.org\",\"@graph\":[{\"@type\":\"WebPage\",\"@id\":\"https:\/\/www.elotrans.com.br\/atividades\/\",\"url\":\"https:\/\/www.elotrans.com.br\/atividades\/\",\"name\":\"Nossas Atividades - Elotrans Transportes e Log\u00edstica\",\"isPartOf\":{\"@id\":\"http:\/\/www.elotrans.com.br\/#website\"},\"datePublished\":\"2019-12-18T18:04:33+00:00\",\"dateModified\":\"2020-06-13T13:57:02+00:00\",\"description\":\"O m\u00e9todo de trabalho \u00e9 diferenciado, adaptamos os seus servi\u00e7os de acordo com o perfil e necessidade de cada cliente, produto ou mercado. Veja mais!\",\"breadcrumb\":{\"@id\":\"https:\/\/www.elotrans.com.br\/atividades\/#breadcrumb\"},\"inLanguage\":\"en-US\",\"potentialAction\":[{\"@type\":\"ReadAction\",\"target\":[\"https:\/\/www.elotrans.com.br\/atividades\/\"]}]},{\"@type\":\"BreadcrumbList\",\"@id\":\"https:\/\/www.elotrans.com.br\/atividades\/#breadcrumb\",\"itemListElement\":[{\"@type\":\"ListItem\",\"position\":1,\"name\":\"In\u00edcio\",\"item\":\"http:\/\/www.elotrans.com.br\/\"},{\"@type\":\"ListItem\",\"position\":2,\"name\":\"Atividades\"}]},{\"@type\":\"WebSite\",\"@id\":\"http:\/\/www.elotrans.com.br\/#website\",\"url\":\"http:\/\/www.elotrans.com.br\/\",\"name\":\"Elotrans\",\"description\":\"Log\u00edstica para todo mundo\",\"potentialAction\":[{\"@type\":\"SearchAction\",\"target\":{\"@type\":\"EntryPoint\",\"urlTemplate\":\"http:\/\/www.elotrans.com.br\/?s={search_term_string}\"},\"query-input\":\"required name=search_term_string\"}],\"inLanguage\":\"en-US\"}]}<\/script>\n<!-- \/ Yoast SEO plugin. -->","yoast_head_json":{"title":"Nossas Atividades - Elotrans Transportes e Log\u00edstica","description":"O m\u00e9todo de trabalho \u00e9 diferenciado, adaptamos os seus servi\u00e7os de acordo com o perfil e necessidade de cada cliente, produto ou mercado. Veja mais!","robots":{"index":"index","follow":"follow","max-snippet":"max-snippet:-1","max-image-preview":"max-image-preview:large","max-video-preview":"max-video-preview:-1"},"canonical":"https:\/\/www.elotrans.com.br\/en\/atividades\/","og_locale":"en_US","og_type":"article","og_title":"Nossas Atividades - Elotrans Transportes e Log\u00edstica","og_description":"O m\u00e9todo de trabalho \u00e9 diferenciado, adaptamos os seus servi\u00e7os de acordo com o perfil e necessidade de cada cliente, produto ou mercado. Veja mais!","og_url":"https:\/\/www.elotrans.com.br\/en\/atividades\/","og_site_name":"Elotrans","article_modified_time":"2020-06-13T13:57:02+00:00","twitter_card":"summary_large_image","twitter_misc":{"Est. reading time":"2 minutes"},"schema":{"@context":"https:\/\/schema.org","@graph":[{"@type":"WebPage","@id":"https:\/\/www.elotrans.com.br\/atividades\/","url":"https:\/\/www.elotrans.com.br\/atividades\/","name":"Nossas Atividades - Elotrans Transportes e Log\u00edstica","isPartOf":{"@id":"http:\/\/www.elotrans.com.br\/#website"},"datePublished":"2019-12-18T18:04:33+00:00","dateModified":"2020-06-13T13:57:02+00:00","description":"O m\u00e9todo de trabalho \u00e9 diferenciado, adaptamos os seus servi\u00e7os de acordo com o perfil e necessidade de cada cliente, produto ou mercado. Veja mais!","breadcrumb":{"@id":"https:\/\/www.elotrans.com.br\/atividades\/#breadcrumb"},"inLanguage":"en-US","potentialAction":[{"@type":"ReadAction","target":["https:\/\/www.elotrans.com.br\/atividades\/"]}]},{"@type":"BreadcrumbList","@id":"https:\/\/www.elotrans.com.br\/atividades\/#breadcrumb","itemListElement":[{"@type":"ListItem","position":1,"name":"In\u00edcio","item":"http:\/\/www.elotrans.com.br\/"},{"@type":"ListItem","position":2,"name":"Atividades"}]},{"@type":"WebSite","@id":"http:\/\/www.elotrans.com.br\/#website","url":"http:\/\/www.elotrans.com.br\/","name":"Elotrans","description":"Log\u00edstica para todo mundo","potentialAction":[{"@type":"SearchAction","target":{"@type":"EntryPoint","urlTemplate":"http:\/\/www.elotrans.com.br\/?s={search_term_string}"},"query-input":"required name=search_term_string"}],"inLanguage":"en-US"}]}},"_links":{"self":[{"href":"https:\/\/www.elotrans.com.br\/en\/wp-json\/wp\/v2\/pages\/336","targetHints":{"allow":["GET"]}}],"collection":[{"href":"https:\/\/www.elotrans.com.br\/en\/wp-json\/wp\/v2\/pages"}],"about":[{"href":"https:\/\/www.elotrans.com.br\/en\/wp-json\/wp\/v2\/types\/page"}],"author":[{"embeddable":true,"href":"https:\/\/www.elotrans.com.br\/en\/wp-json\/wp\/v2\/users\/2"}],"replies":[{"embeddable":true,"href":"https:\/\/www.elotrans.com.br\/en\/wp-json\/wp\/v2\/comments?post=336"}],"version-history":[{"count":38,"href":"https:\/\/www.elotrans.com.br\/en\/wp-json\/wp\/v2\/pages\/336\/revisions"}],"predecessor-version":[{"id":930,"href":"https:\/\/www.elotrans.com.br\/en\/wp-json\/wp\/v2\/pages\/336\/revisions\/930"}],"wp:attachment":[{"href":"https:\/\/www.elotrans.com.br\/en\/wp-json\/wp\/v2\/media?parent=336"}],"curies":[{"name":"wp","href":"https:\/\/api.w.org\/{rel}","templated":true}]}}