{"id":335,"date":"2019-12-18T16:04:33","date_gmt":"2019-12-18T18:04:33","guid":{"rendered":"https:\/\/www.elotrans.com.br\/?page_id=335"},"modified":"2023-02-17T13:19:39","modified_gmt":"2023-02-17T16:19:39","slug":"empresa","status":"publish","type":"page","link":"https:\/\/www.elotrans.com.br\/en\/empresa\/","title":{"rendered":"About Us"},"content":{"rendered":"<section class=\"section\" id=\"section_2031625577\">\n\t\t<div class=\"bg section-bg fill bg-fill\" >\n\n\t\t\t\n\t\t\t\n\t\t\t\n\n\t\t<\/div>\n\n\t\t<div class=\"section-content relative\">\n\t\t\t\n\n<div class=\"row row-small align-middle\"  id=\"row-1838773717\">\n\n\n\t<div class=\"col medium-4 small-12 large-4\"  >\n\t\t<div class=\"col-inner\"  >\n\t\t\t\n\t\t\t\n\n\t<div class=\"img has-hover x md-x lg-x y md-y lg-y\" id=\"image_1632876043\">\n\t\t\t\t\t\t<div data-animate=\"fadeInLeft\">\t\t<div class=\"img-inner box-shadow-2 dark\" >\n\t\t\t<img loading=\"lazy\" decoding=\"async\" width=\"501\" height=\"700\" src=\"https:\/\/www.elotrans.com.br\/wp-content\/uploads\/2020\/03\/sobre_vf2.jpg\" class=\"attachment-large size-large\" alt=\"\" srcset=\"https:\/\/www.elotrans.com.br\/wp-content\/uploads\/2020\/03\/sobre_vf2.jpg 501w, https:\/\/www.elotrans.com.br\/wp-content\/uploads\/2020\/03\/sobre_vf2-286x400.jpg 286w\" sizes=\"auto, (max-width: 501px) 100vw, 501px\" \/>\t\t\t\t\t\t\n\t\t\t\t\t<\/div>\n\t\t<\/div>\t\t\t\t\t\t\n<style scope=\"scope\">\n\n#image_1632876043 {\n  width: 100%;\n}\n\n\n@media (min-width:550px) {\n\n  #image_1632876043 {\n    width: 100%;\n  }\n\n}\n<\/style>\n\t<\/div>\n\t\n\n\n\t\t<\/div>\n\t<\/div>\n\n\t\n\n\t<div class=\"col medium-8 small-12 large-8\"  >\n\t\t<div class=\"col-inner\"  >\n\t\t\t\n\t\t\t\n\n<h2 style=\"text-align: justify;\"><span style=\"font-size: 100%; color: #444444;\"><strong>ABOUT US<\/strong><\/span><\/h2>\n<p>Oferecemos assessoria completa em transportes e log\u00edstica internacionais.<\/p>\n<p>Na Elotrans unimos tecnologia e m\u00e3o de obra qualificada com profissionais reconhecidos com mais de 40 anos de experiencia de mercado em opera\u00e7\u00f5es log\u00edsticas de importa\u00e7\u00e3o e exporta\u00e7\u00e3o, multimodais, adaptadas para atender voc\u00ea da melhor maneira mitigando riscos e custos eventuais, um diferencial da nossa empresa e nosso processo de desembara\u00e7o aduaneiro, totalmente integrado e alinhado com as atualiza\u00e7\u00f5es fiscais do mercado, promovendo conforto e seguran\u00e7a para voc\u00ea, al\u00e9m de nossas parcerias internacionais com agentes reconhecidos e experientes, que v\u00e3o agregar ainda mais seguran\u00e7a no tratamento da sua carga.<\/p>\n<p>Essa \u00e9 a Elotrans, oferecendo pre\u00e7os competitivos de mercado associado a alta performance em opera\u00e7\u00f5es log\u00edsticas de transporte e desembara\u00e7o.<\/p>\n\n\t\t<\/div>\n\t<\/div>\n\n\t\n\n\n<style scope=\"scope\">\n\n<\/style>\n<\/div>\n<div class=\"row\"  id=\"row-757981514\">\n\n\n\t<div class=\"col small-12 large-12\"  >\n\t\t<div class=\"col-inner\"  >\n\t\t\t\n\t\t\t\n\n<h2><span style=\"color: #444444;\">MISSION<\/span><\/h2>\n<p>Ante as varia\u00e7\u00f5es do mercado ofertar o que h\u00e1 de mais atual no comercio mundial em log\u00edstica internacional e desembara\u00e7o aduaneiro, dando aos nossos clientes seguran\u00e7a atrav\u00e9s dos principais pilares da log\u00edstica internacional, que s\u00e3o, gerenciamento de processos em alta performance gra\u00e7as a profissionais experientes \u00e9 pre\u00e7os de mercado competitivos que atendam aos perfis dos clientes mais exigentes.\u00a0<\/p>\n<h2><span style=\"color: #444444;\">VISION<\/span><\/h2>\n<p>Ser pioneiro no desenvolvimento de processos de transporte log\u00edsticos inteligentes visando atender as singularidades de cada cliente, adequando e inovando com solu\u00e7\u00f5es totalmente inovadoras.<\/p>\n<h2><span style=\"color: #444444;\">VALUES<\/span><\/h2>\n<p>Integridade, comprometimento, Inova\u00e7\u00e3o, respeito, confian\u00e7a, transpar\u00eancia, seriedade.<\/p>\n\n\t\t<\/div>\n\t<\/div>\n\n\t\n\n<\/div>\n\n\t\t<\/div>\n\n\t\t\n<style scope=\"scope\">\n\n#section_2031625577 {\n  padding-top: 30px;\n  padding-bottom: 30px;\n}\n#section_2031625577 .section-bg.bg-loaded {\n  background-image: url(https:\/\/www.elotrans.com.br\/wp-content\/uploads\/2019\/12\/bg_mapa.jpg);\n}\n#section_2031625577 .section-bg {\n  background-position: 47% 52%;\n}\n<\/style>\n\t<\/section>","protected":false},"excerpt":{"rendered":"","protected":false},"author":2,"featured_media":0,"parent":0,"menu_order":0,"comment_status":"closed","ping_status":"closed","template":"page-blank.php","meta":{"footnotes":""},"class_list":["post-335","page","type-page","status-publish","hentry"],"yoast_head":"<!-- This site is optimized with the Yoast SEO plugin v22.2 - https:\/\/yoast.com\/wordpress\/plugins\/seo\/ -->\n<title>Sobre Nossa Empresa - Elotrans Log\u00edstica e Transportes para todos<\/title>\n<meta name=\"description\" content=\"A Elotrans disponibiliza assessoria completa na \u00e1rea de transporte e log\u00edstica. Oferecemos aos nossos clientes, excel\u00eancia, qualidade nos servi\u00e7os.\" \/>\n<meta name=\"robots\" content=\"index, follow, max-snippet:-1, max-image-preview:large, max-video-preview:-1\" \/>\n<link rel=\"canonical\" href=\"https:\/\/www.elotrans.com.br\/en\/empresa\/\" \/>\n<meta property=\"og:locale\" content=\"en_US\" \/>\n<meta property=\"og:type\" content=\"article\" \/>\n<meta property=\"og:title\" content=\"Sobre Nossa Empresa - Elotrans Log\u00edstica e Transportes para todos\" \/>\n<meta property=\"og:description\" content=\"A Elotrans disponibiliza assessoria completa na \u00e1rea de transporte e log\u00edstica. Oferecemos aos nossos clientes, excel\u00eancia, qualidade nos servi\u00e7os.\" \/>\n<meta property=\"og:url\" content=\"https:\/\/www.elotrans.com.br\/en\/empresa\/\" \/>\n<meta property=\"og:site_name\" content=\"Elotrans\" \/>\n<meta property=\"article:modified_time\" content=\"2023-02-17T16:19:39+00:00\" \/>\n<meta name=\"twitter:card\" content=\"summary_large_image\" \/>\n<script type=\"application\/ld+json\" class=\"yoast-schema-graph\">{\"@context\":\"https:\/\/schema.org\",\"@graph\":[{\"@type\":\"WebPage\",\"@id\":\"https:\/\/www.elotrans.com.br\/empresa\/\",\"url\":\"https:\/\/www.elotrans.com.br\/empresa\/\",\"name\":\"Sobre Nossa Empresa - Elotrans Log\u00edstica e Transportes para todos\",\"isPartOf\":{\"@id\":\"http:\/\/www.elotrans.com.br\/#website\"},\"datePublished\":\"2019-12-18T18:04:33+00:00\",\"dateModified\":\"2023-02-17T16:19:39+00:00\",\"description\":\"A Elotrans disponibiliza assessoria completa na \u00e1rea de transporte e log\u00edstica. Oferecemos aos nossos clientes, excel\u00eancia, qualidade nos servi\u00e7os.\",\"breadcrumb\":{\"@id\":\"https:\/\/www.elotrans.com.br\/empresa\/#breadcrumb\"},\"inLanguage\":\"en-US\",\"potentialAction\":[{\"@type\":\"ReadAction\",\"target\":[\"https:\/\/www.elotrans.com.br\/empresa\/\"]}]},{\"@type\":\"BreadcrumbList\",\"@id\":\"https:\/\/www.elotrans.com.br\/empresa\/#breadcrumb\",\"itemListElement\":[{\"@type\":\"ListItem\",\"position\":1,\"name\":\"In\u00edcio\",\"item\":\"http:\/\/www.elotrans.com.br\/\"},{\"@type\":\"ListItem\",\"position\":2,\"name\":\"Empresa\"}]},{\"@type\":\"WebSite\",\"@id\":\"http:\/\/www.elotrans.com.br\/#website\",\"url\":\"http:\/\/www.elotrans.com.br\/\",\"name\":\"Elotrans\",\"description\":\"Log\u00edstica para todo mundo\",\"potentialAction\":[{\"@type\":\"SearchAction\",\"target\":{\"@type\":\"EntryPoint\",\"urlTemplate\":\"http:\/\/www.elotrans.com.br\/?s={search_term_string}\"},\"query-input\":\"required name=search_term_string\"}],\"inLanguage\":\"en-US\"}]}<\/script>\n<!-- \/ Yoast SEO plugin. -->","yoast_head_json":{"title":"Sobre Nossa Empresa - Elotrans Log\u00edstica e Transportes para todos","description":"A Elotrans disponibiliza assessoria completa na \u00e1rea de transporte e log\u00edstica. Oferecemos aos nossos clientes, excel\u00eancia, qualidade nos servi\u00e7os.","robots":{"index":"index","follow":"follow","max-snippet":"max-snippet:-1","max-image-preview":"max-image-preview:large","max-video-preview":"max-video-preview:-1"},"canonical":"https:\/\/www.elotrans.com.br\/en\/empresa\/","og_locale":"en_US","og_type":"article","og_title":"Sobre Nossa Empresa - Elotrans Log\u00edstica e Transportes para todos","og_description":"A Elotrans disponibiliza assessoria completa na \u00e1rea de transporte e log\u00edstica. Oferecemos aos nossos clientes, excel\u00eancia, qualidade nos servi\u00e7os.","og_url":"https:\/\/www.elotrans.com.br\/en\/empresa\/","og_site_name":"Elotrans","article_modified_time":"2023-02-17T16:19:39+00:00","twitter_card":"summary_large_image","schema":{"@context":"https:\/\/schema.org","@graph":[{"@type":"WebPage","@id":"https:\/\/www.elotrans.com.br\/empresa\/","url":"https:\/\/www.elotrans.com.br\/empresa\/","name":"Sobre Nossa Empresa - Elotrans Log\u00edstica e Transportes para todos","isPartOf":{"@id":"http:\/\/www.elotrans.com.br\/#website"},"datePublished":"2019-12-18T18:04:33+00:00","dateModified":"2023-02-17T16:19:39+00:00","description":"A Elotrans disponibiliza assessoria completa na \u00e1rea de transporte e log\u00edstica. Oferecemos aos nossos clientes, excel\u00eancia, qualidade nos servi\u00e7os.","breadcrumb":{"@id":"https:\/\/www.elotrans.com.br\/empresa\/#breadcrumb"},"inLanguage":"en-US","potentialAction":[{"@type":"ReadAction","target":["https:\/\/www.elotrans.com.br\/empresa\/"]}]},{"@type":"BreadcrumbList","@id":"https:\/\/www.elotrans.com.br\/empresa\/#breadcrumb","itemListElement":[{"@type":"ListItem","position":1,"name":"In\u00edcio","item":"http:\/\/www.elotrans.com.br\/"},{"@type":"ListItem","position":2,"name":"Empresa"}]},{"@type":"WebSite","@id":"http:\/\/www.elotrans.com.br\/#website","url":"http:\/\/www.elotrans.com.br\/","name":"Elotrans","description":"Log\u00edstica para todo mundo","potentialAction":[{"@type":"SearchAction","target":{"@type":"EntryPoint","urlTemplate":"http:\/\/www.elotrans.com.br\/?s={search_term_string}"},"query-input":"required name=search_term_string"}],"inLanguage":"en-US"}]}},"_links":{"self":[{"href":"https:\/\/www.elotrans.com.br\/en\/wp-json\/wp\/v2\/pages\/335","targetHints":{"allow":["GET"]}}],"collection":[{"href":"https:\/\/www.elotrans.com.br\/en\/wp-json\/wp\/v2\/pages"}],"about":[{"href":"https:\/\/www.elotrans.com.br\/en\/wp-json\/wp\/v2\/types\/page"}],"author":[{"embeddable":true,"href":"https:\/\/www.elotrans.com.br\/en\/wp-json\/wp\/v2\/users\/2"}],"replies":[{"embeddable":true,"href":"https:\/\/www.elotrans.com.br\/en\/wp-json\/wp\/v2\/comments?post=335"}],"version-history":[{"count":45,"href":"https:\/\/www.elotrans.com.br\/en\/wp-json\/wp\/v2\/pages\/335\/revisions"}],"predecessor-version":[{"id":1075,"href":"https:\/\/www.elotrans.com.br\/en\/wp-json\/wp\/v2\/pages\/335\/revisions\/1075"}],"wp:attachment":[{"href":"https:\/\/www.elotrans.com.br\/en\/wp-json\/wp\/v2\/media?parent=335"}],"curies":[{"name":"wp","href":"https:\/\/api.w.org\/{rel}","templated":true}]}}